{"id":10048,"date":"2021-04-04T15:41:00","date_gmt":"2021-04-04T15:41:00","guid":{"rendered":"https:\/\/parrocchiasanminiato.com\/?page_id=10048"},"modified":"2023-10-25T19:06:22","modified_gmt":"2023-10-25T17:06:22","slug":"menu-informazioni","status":"publish","type":"page","link":"https:\/\/parrocchiasanminiato.com\/?page_id=10048","title":{"rendered":"CONSEGNE E DONAZIONI"},"content":{"rendered":"\n<p class=\"has-text-align-left has-luminous-vivid-amber-color has-text-color has-background wp-block-paragraph\" style=\"background-color:#1d640a\"><span style=\"color: #ffcc00;\"><strong>CHIUNQUE PUO&#8217; CONTRIBUIRE ALL&#8217;ATTIVITA&#8217; DELLA CARITAS DELLA PARROCCHIA DEL CORPUS DOMINI:<\/strong><\/span><br><span style=\"color: #ffcc00;\"><strong>&#8211; Consegnando i prodotti di largo consumo (latte, formaggio, olio, biscotti, igiene personale e per la casa, tonno, fette biscottate, marmellate, verdure in olio, ecc.) che sono distribuiti, ogni mercoled\u00ec e gioved\u00ec mattina alle famiglie in difficolt\u00e0 di ogni colore, razza e fede religiosa.<\/strong><\/span><br><span style=\"color: #ffcc00;\">&#8211; <strong>Con una donazione che pu\u00f2 essere esercitata tramite corresponsione nel c.c. della Caritas o della Parrocchia (indicando esattamente la destinazione della donazione).<\/strong><\/span><\/p>\n\n\n\n<p class=\"has-light-green-cyan-background-color has-background wp-block-paragraph\"><strong>IBAN CARITAS: IT 72 T 01030 1420 4000000262287<\/strong><br><strong>IBAN PARROCCHIA: IT 32 A 01030 14204 000000065020<\/strong><\/p>\n\n\n\n<div class=\"wp-block-media-text alignwide is-stacked-on-mobile\"><figure class=\"wp-block-media-text__media\"><img data-recalc-dims=\"1\" fetchpriority=\"high\" decoding=\"async\" width=\"780\" height=\"780\" data-attachment-id=\"10842\" data-permalink=\"https:\/\/parrocchiasanminiato.com\/?attachment_id=10842\" data-orig-file=\"https:\/\/i0.wp.com\/parrocchiasanminiato.com\/wp-content\/uploads\/2021\/08\/DNB3620-.jpg?fit=2236%2C2236&amp;ssl=1\" data-orig-size=\"2236,2236\" data-comments-opened=\"0\" data-image-meta=\"{&quot;aperture&quot;:&quot;0&quot;,&quot;credit&quot;:&quot;&quot;,&quot;camera&quot;:&quot;&quot;,&quot;caption&quot;:&quot;&quot;,&quot;created_timestamp&quot;:&quot;0&quot;,&quot;copyright&quot;:&quot;\\u00a9 Nicola Burroni&quot;,&quot;focal_length&quot;:&quot;0&quot;,&quot;iso&quot;:&quot;0&quot;,&quot;shutter_speed&quot;:&quot;0&quot;,&quot;title&quot;:&quot;&quot;,&quot;orientation&quot;:&quot;0&quot;}\" data-image-title=\"_DNB3620\" data-image-description=\"\" data-image-caption=\"\" data-large-file=\"https:\/\/i0.wp.com\/parrocchiasanminiato.com\/wp-content\/uploads\/2021\/08\/DNB3620-.jpg?fit=780%2C780&amp;ssl=1\" src=\"https:\/\/i0.wp.com\/parrocchiasanminiato.com\/wp-content\/uploads\/2021\/08\/DNB3620-.jpg?resize=780%2C780&#038;ssl=1\" alt=\"\" class=\"wp-image-10842 size-full\" srcset=\"https:\/\/i0.wp.com\/parrocchiasanminiato.com\/wp-content\/uploads\/2021\/08\/DNB3620-.jpg?resize=1024%2C1024&amp;ssl=1 1024w, https:\/\/i0.wp.com\/parrocchiasanminiato.com\/wp-content\/uploads\/2021\/08\/DNB3620-.jpg?resize=300%2C300&amp;ssl=1 300w, https:\/\/i0.wp.com\/parrocchiasanminiato.com\/wp-content\/uploads\/2021\/08\/DNB3620-.jpg?resize=150%2C150&amp;ssl=1 150w, https:\/\/i0.wp.com\/parrocchiasanminiato.com\/wp-content\/uploads\/2021\/08\/DNB3620-.jpg?resize=768%2C768&amp;ssl=1 768w, https:\/\/i0.wp.com\/parrocchiasanminiato.com\/wp-content\/uploads\/2021\/08\/DNB3620-.jpg?resize=1536%2C1536&amp;ssl=1 1536w, https:\/\/i0.wp.com\/parrocchiasanminiato.com\/wp-content\/uploads\/2021\/08\/DNB3620-.jpg?resize=2048%2C2048&amp;ssl=1 2048w, https:\/\/i0.wp.com\/parrocchiasanminiato.com\/wp-content\/uploads\/2021\/08\/DNB3620-.jpg?resize=1200%2C1200&amp;ssl=1 1200w, https:\/\/i0.wp.com\/parrocchiasanminiato.com\/wp-content\/uploads\/2021\/08\/DNB3620-.jpg?resize=800%2C800&amp;ssl=1 800w, https:\/\/i0.wp.com\/parrocchiasanminiato.com\/wp-content\/uploads\/2021\/08\/DNB3620-.jpg?resize=400%2C400&amp;ssl=1 400w, https:\/\/i0.wp.com\/parrocchiasanminiato.com\/wp-content\/uploads\/2021\/08\/DNB3620-.jpg?resize=200%2C200&amp;ssl=1 200w, https:\/\/i0.wp.com\/parrocchiasanminiato.com\/wp-content\/uploads\/2021\/08\/DNB3620-.jpg?resize=50%2C50&amp;ssl=1 50w\" sizes=\"(max-width: 780px) 100vw, 780px\" \/><\/figure><div class=\"wp-block-media-text__content\">\n<p class=\"has-normal-font-size wp-block-paragraph\">15 Agosto 2021 &#8211; A DON SERGIO VOLPI PARROCO, PRESIDENTE DELLA CARITAS PARROCCHIALE, E DELLA ODV &#8220;&#8230;a riveder le stelle odv per l&#8217;Africa&#8221; E&#8217; CONSEGNATA LA MEDAGLIA D&#8217;ORO PER TUTTE LE ATTIVITA&#8217; CHE SVOLGE IN FAVORE DEGLI ULTIMI.<br>\u201cLa pace non \u00e8 un sogno: pu\u00f2 diventare realt\u00e0\u201d, affermava Nelson Mandela, ma nel mondo non ci sar\u00e0 mai pace fino a che non si rispettano la vita dell\u2019uomo e i suoi diritti, e alla fine degli anni \u201890 la guerra nel Kosovo provoca una nuova enorme massa di profughi. Nella nostra regione la Caritas predispone due centri per inviare indispensabili aiuti e, inutile dirlo, quello per la Toscana sud \u00e8 a San Miniato, dove si recupera e seleziona un\u2019enorme quantit\u00e0 di materiale pi\u00f9 disparato. Anche in questa occasione l\u2019esempio di don Sergio \u00e8 trainante e tanti si impegnano in prima persona, oltre che con sostanziosi aiuti economici.&#8221;<br>(<em>estratto dalla presentazione fatta dall&#8217;amico Luchini<\/em>)<\/p>\n<\/div><\/div>\n\n\n\n<p class=\"has-luminous-vivid-amber-color has-text-color has-background wp-block-paragraph\" id=\"CONTATTAPARROCCHIA\" style=\"background-color:#1d640a\"><strong><span style=\"color: #ffcc00;\">RICEVIMENTO INDUMENTI USATI \u2013 Gli indumenti possono essere consegnati alla Caritas, nei giorni di:<br>Mercoled\u00ec e Gioved\u00ec mattina dalle ore 8,30 alle ore 12,00<br>Gioved\u00ec pomeriggio dalle ore 16,00 alle ore 18,00<\/span><br><\/strong><\/p>\n\n\n\n<p class=\"has-text-align-center has-luminous-vivid-amber-color has-text-color has-background wp-block-paragraph\" style=\"background-color:#1d640a\"><span style=\"color: #ffcc00;\"><strong>ACCETTIAMO SOLO:<br>Indumenti in ottimo stato (escluse giacche dei vestiti da uomo);<br>Giacconi&nbsp; invernali e mezza stagione;<br>Giocattoli completi nelle scatole originali;<br>Libri per bambini e di narrativa per adolescenti in ottimo stato;<br><br><\/strong><\/span><\/p>\n\n\n\n<p class=\"has-text-align-center has-luminous-vivid-amber-color has-text-color has-background wp-block-paragraph\" style=\"background-color:#1d640a\"><span style=\"color: #ffff00;\"><strong>NON SI ACCOLGONO &#8211; NON SERVONO:<\/strong><\/span><br><span style=\"color: #ffff00;\">ENCICLOPEDIE<\/span><br><span style=\"color: #ffff00;\">LIBRI IN GENERE<\/span><br><span style=\"color: #ffff00;\">ATTREZZATURE VARIE PER NEONATI;<\/span><br><span style=\"color: #ffff00;\">STOVIGLIE SPAIATE E SBRECCATE;<\/span><br><span style=\"color: #ffff00;\">PENTOLE, PADELLE IN CATTIVO STATO;<\/span><br><span style=\"color: #ffff00;\">ATTREZZATURE ELETTRICHE ;<\/span><br><span style=\"color: #ffff00;\">ATTREZZATURE PER SCIARE E PER SUB;<\/span><br><span style=\"color: #ffff00;\">GIOCATTOLI PRIVI DI CONFEZIONE.<br>VECCHI COMPUTER &#8211;\u00a0 VECCHIE STAMPANTI PRIVE DI CARTUCCE O CAVO DI ALIMENTAZIONE<br><\/span><br><span style=\"color: #ffcc00;\"><strong> PER INFORMAZIONI POTETE CONTATTARE LA CARITAS PARROCCHIALE:<\/strong><\/span><br><span style=\"color: #ffcc00;\">&#8211; <strong>TELEFONO FISSO: 0577 573781 ( Mercoled\u00ec e Gioved\u00ec dalle ore 8,30 alle ore 12,00 ) <\/strong><\/span><br><span style=\"color: #ffcc00;\">&#8211; <strong>CELLULARE: 3662433670 (Riccardo Caritas)<\/strong><\/span><\/p>\n\n\n\n<p class=\"wp-block-paragraph\">&nbsp;<\/p>\n","protected":false},"excerpt":{"rendered":"<p>CHIUNQUE PUO&#8217; CONTRIBUIRE ALL&#8217;ATTIVITA&#8217; DELLA CARITAS DELLA PARROCCHIA DEL CORPUS DOMINI:&#8211; Consegnando i prodotti di largo consumo (latte, formaggio, olio, biscotti, igiene personale e per la casa, tonno, fette biscottate, marmellate, verdure in olio, ecc.) che sono distribuiti, ogni mercoled\u00ec e gioved\u00ec mattina alle famiglie in difficolt\u00e0 di ogni colore, razza e fede religiosa.&#8211; Con [&hellip;]<\/p>\n","protected":false},"author":132607687,"featured_media":0,"parent":0,"menu_order":0,"comment_status":"closed","ping_status":"closed","template":"","meta":{"_coblocks_attr":"","_coblocks_dimensions":"","_coblocks_responsive_height":"","_coblocks_accordion_ie_support":"","_crdt_document":"","advgb_blocks_editor_width":"","advgb_blocks_columns_visual_guide":"","advanced_seo_description":"","jetpack_seo_html_title":"","jetpack_seo_noindex":false,"footnotes":""},"tags":[],"class_list":["post-10048","page","type-page","status-publish","hentry"],"coauthors":[],"author_meta":{"author_link":"https:\/\/parrocchiasanminiato.com\/?author=132607687","display_name":"\"Parrocchia del Corpus Domini\""},"relative_dates":{"created":"Pubblicato 5 anni fa","modified":"Aggiornato 3 anni fa"},"absolute_dates":{"created":"Pubblicato il Aprile 4, 2021","modified":"Aggiornato il Ottobre 25, 2023"},"absolute_dates_time":{"created":"Pubblicato il Aprile 4, 2021 3:41 pm","modified":"Aggiornato il Ottobre 25, 2023 7:06 pm"},"featured_img_caption":"","featured_img":false,"series_order":"","jetpack_likes_enabled":false,"jetpack_sharing_enabled":true,"jetpack_shortlink":"https:\/\/wp.me\/P9vesa-2C4","amp_enabled":true,"_links":{"self":[{"href":"https:\/\/parrocchiasanminiato.com\/index.php?rest_route=\/wp\/v2\/pages\/10048","targetHints":{"allow":["GET"]}}],"collection":[{"href":"https:\/\/parrocchiasanminiato.com\/index.php?rest_route=\/wp\/v2\/pages"}],"about":[{"href":"https:\/\/parrocchiasanminiato.com\/index.php?rest_route=\/wp\/v2\/types\/page"}],"author":[{"embeddable":true,"href":"https:\/\/parrocchiasanminiato.com\/index.php?rest_route=\/wp\/v2\/users\/132607687"}],"replies":[{"embeddable":true,"href":"https:\/\/parrocchiasanminiato.com\/index.php?rest_route=%2Fwp%2Fv2%2Fcomments&post=10048"}],"version-history":[{"count":37,"href":"https:\/\/parrocchiasanminiato.com\/index.php?rest_route=\/wp\/v2\/pages\/10048\/revisions"}],"predecessor-version":[{"id":14324,"href":"https:\/\/parrocchiasanminiato.com\/index.php?rest_route=\/wp\/v2\/pages\/10048\/revisions\/14324"}],"wp:attachment":[{"href":"https:\/\/parrocchiasanminiato.com\/index.php?rest_route=%2Fwp%2Fv2%2Fmedia&parent=10048"}],"wp:term":[{"taxonomy":"post_tag","embeddable":true,"href":"https:\/\/parrocchiasanminiato.com\/index.php?rest_route=%2Fwp%2Fv2%2Ftags&post=10048"}],"curies":[{"name":"wp","href":"https:\/\/api.w.org\/{rel}","templated":true}]}}