{"id":17227,"date":"2025-04-03T07:25:04","date_gmt":"2025-04-03T05:25:04","guid":{"rendered":"https:\/\/parrocchiasanminiato.com\/?page_id=17227"},"modified":"2025-07-22T14:52:00","modified_gmt":"2025-07-22T12:52:00","slug":"grest-2025-modelli-da-compilare-parrocchia-del-corpus-domini-in-san-miniato-mese-di-giugno","status":"publish","type":"page","link":"https:\/\/parrocchiasanminiato.com\/?page_id=17227","title":{"rendered":"Grest Estivo 2025: Iscrizioni e Dettagli TERMINA IL 25 LUGLIO"},"content":{"rendered":"\n<p class=\"wp-block-paragraph\">La Parrocchia del Corpus Domini, per l&#8217;anno 2025 ha organizzato il Grest nel periodo estivo, sia nei mesi di Giugno che nei mesi di Luglio.<br>Mese di Giugno: due settimane dal 16 al 27 Giugno (ISCRIZIONI COMPLETE).<br>Mese di Luglio: tre settimane dal 7 al 25 Luglio ( TERMINA IL 25 LUGLIO).<br>Ogni giorno, dal Luned\u00ec al Gioved\u00ec, accoglienza ore 8,30, uscita ore 13,30 (non \u00e9 previsto il pranzo).<br>Il Venerdi, accoglienza ore 8,30, uscita ore 16,30 (con pranzo al sacco portato dai bambini)<br>La Parrocchia mette a disposizione l&#8217;acqua per bere, succhi di frutta.<br>COSTO D\u2019ISCRIZIONE (per ogni bambino a settimana) \u20ac.40,00<br>Allegata alla domanda d\u2019iscrizione dovr\u00e0 essere trasmessa la ricevuta del bonifico intestato alla<br>Parrocchia indicando nella causale: &#8211; \u201cQuota iscrizione Campi Estivi 2025 per n\u00b0 <strong>_ settimana\/e  e n\u00b0<em>__<\/em><\/strong> bambino\/a\u201d oltre al<br>Cognome e Nome del\/i bambino\/i da iscrivere.<br>(Esempio: n\u00b0 2 settimane per due bambini: \u20ac. 160)<br>IBAN: IT 32 A 01030 14204 000000065020 \u2013 Banca MPS.<br>Allegare copia dei documenti dei genitori o di coloro che sono prepostia prendere i\/il bambino alla chiusura del Grest.<br>I modelli sono scaricabili cliccando a lato sull&#8217;icona del salvataggio-<\/p>\n\n\n\n<p style=\"line-height:1.4;font-size:35px\" class=\"has-custom-lineheight wp-block-paragraph\"><strong>GREST 2025 &#8211; MODELLI DA COMPILARE &#8211; PARROCCHIA DEL CORPUS DOMINI IN SAN MINIATO &#8211; MESE DI LUGLIO<\/strong><\/p>\n\n\n\n<div class=\"wp-block-file\"><a id=\"wp-block-file--media-53b37294-aafb-459b-b55e-6ccde1604697\" href=\"https:\/\/parrocchiasanminiato.com\/?attachment_id=17327\">2025 04 Modello Luglio 2025<\/a><a href=\"https:\/\/parrocchiasanminiato.com\/wp-content\/uploads\/2025\/04\/2025-04-Modello-Luglio-2025.doc\" class=\"wp-block-file__button wp-element-button\" download aria-describedby=\"wp-block-file--media-53b37294-aafb-459b-b55e-6ccde1604697\">Download<\/a><\/div>\n\n\n\n<p class=\"wp-block-paragraph\"><\/p>\n","protected":false},"excerpt":{"rendered":"<p>GREST 2025 &#8211; MODELLI DA COMPILARE &#8211; PARROCCHIA DEL CORPUS DOMINI IN SAN MINIATO<\/p>\n","protected":false},"author":132607687,"featured_media":17017,"parent":0,"menu_order":0,"comment_status":"closed","ping_status":"closed","template":"elementor_theme","meta":{"_coblocks_attr":"","_coblocks_dimensions":"","_coblocks_responsive_height":"","_coblocks_accordion_ie_support":"","_crdt_document":"","advgb_blocks_editor_width":"","advgb_blocks_columns_visual_guide":"","advanced_seo_description":"GREST 2025 - MODELLI DA COMPILARE - PARROCCHIA DEL CORPUS DOMINI IN SAN MINIATO","jetpack_seo_html_title":"GREST 2025 - MODELLI DA COMPILARE - PARROCCHIA DEL CORPUS DOMINI IN SAN MINIATO","jetpack_seo_noindex":false,"jetpack_post_was_ever_published":false,"footnotes":""},"tags":[654729931],"class_list":["post-17227","page","type-page","status-publish","has-post-thumbnail","hentry","tag-attivita-parrocchie"],"coauthors":[],"author_meta":{"author_link":"https:\/\/parrocchiasanminiato.com\/?author=132607687","display_name":"\"Parrocchia del Corpus Domini\""},"relative_dates":{"created":"Pubblicato 1 anno fa","modified":"Aggiornato 9 mesi fa"},"absolute_dates":{"created":"Pubblicato il Aprile 3, 2025","modified":"Aggiornato il Luglio 22, 2025"},"absolute_dates_time":{"created":"Pubblicato il Aprile 3, 2025 7:25 am","modified":"Aggiornato il Luglio 22, 2025 2:52 pm"},"featured_img_caption":"","featured_img":"https:\/\/parrocchiasanminiato.com\/wp-content\/uploads\/2025\/02\/Logo-Libeccio.png","series_order":"","jetpack_likes_enabled":false,"jetpack_sharing_enabled":true,"jetpack_shortlink":"https:\/\/wp.me\/P9vesa-4tR","amp_enabled":false,"_links":{"self":[{"href":"https:\/\/parrocchiasanminiato.com\/index.php?rest_route=\/wp\/v2\/pages\/17227","targetHints":{"allow":["GET"]}}],"collection":[{"href":"https:\/\/parrocchiasanminiato.com\/index.php?rest_route=\/wp\/v2\/pages"}],"about":[{"href":"https:\/\/parrocchiasanminiato.com\/index.php?rest_route=\/wp\/v2\/types\/page"}],"author":[{"embeddable":true,"href":"https:\/\/parrocchiasanminiato.com\/index.php?rest_route=\/wp\/v2\/users\/132607687"}],"replies":[{"embeddable":true,"href":"https:\/\/parrocchiasanminiato.com\/index.php?rest_route=%2Fwp%2Fv2%2Fcomments&post=17227"}],"version-history":[{"count":16,"href":"https:\/\/parrocchiasanminiato.com\/index.php?rest_route=\/wp\/v2\/pages\/17227\/revisions"}],"predecessor-version":[{"id":18069,"href":"https:\/\/parrocchiasanminiato.com\/index.php?rest_route=\/wp\/v2\/pages\/17227\/revisions\/18069"}],"wp:featuredmedia":[{"embeddable":true,"href":"https:\/\/parrocchiasanminiato.com\/index.php?rest_route=\/wp\/v2\/media\/17017"}],"wp:attachment":[{"href":"https:\/\/parrocchiasanminiato.com\/index.php?rest_route=%2Fwp%2Fv2%2Fmedia&parent=17227"}],"wp:term":[{"taxonomy":"post_tag","embeddable":true,"href":"https:\/\/parrocchiasanminiato.com\/index.php?rest_route=%2Fwp%2Fv2%2Ftags&post=17227"}],"curies":[{"name":"wp","href":"https:\/\/api.w.org\/{rel}","templated":true}]}}