{"id":19,"date":"2017-12-27T11:09:16","date_gmt":"2017-12-27T11:09:16","guid":{"rendered":"https:\/\/parrocchiasanminiato.com\/?page_id=19"},"modified":"2025-04-20T19:46:02","modified_gmt":"2025-04-20T17:46:02","slug":"attivita","status":"publish","type":"page","link":"https:\/\/parrocchiasanminiato.com\/?page_id=19","title":{"rendered":"UNA PARROCCHIA ATTIVA"},"content":{"rendered":"\n<p class=\"has-luminous-vivid-amber-background-color has-background wp-block-paragraph\"><strong>UNIAMOCI NEL CORO<\/strong><\/p>\n\n\n\n<p class=\"wp-block-paragraph\">&#8220;Siamo stati sfollati e migranti per dieci anni e chi, come me \u00e8 qui da quando il quartiere \u00e8 nato, ancora da prima.<br>Una grande e fervente comunit\u00e0 dispersa.<br>Eppure nonostante le difficolt\u00e0 Don Sergio non si \u00e8 mai arreso e ha trasmesso fiducia e serenit\u00e0.<br>Le attivit\u00e0 della Parrocchia sono proseguite.<br>Sembrava davvero che il miracolo non avvenisse e invece abbiamo potuto festeggiare la Nascita di Ges\u00f9 nella nostra Chiesa &#8221; di Antonella Franci Cortese<\/p>\n\n\n\n<p class=\"wp-block-paragraph\">Riprendiamo volentieri le parole di alcuni parrocchiani, per estendere l&#8217;entusiasmo e la gioia alla comunit\u00e0, rinvigorendo e rafforzando le attivit\u00e0 che caratterizzano la nostra parrocchia.<br>Una tra queste \u00e9 il coro, che sotto la guida attenta ed efficiente del Maestro Stefano Chini, ha necessit\u00e0 di aggiungere persone disponibili ad un minimo sacrificio, per la gioia del buon canto con la comunit\u00e0 stessa.<\/p>\n\n\n<div class=\"wp-block-image is-resized\">\n<figure class=\"aligncenter\"><img data-recalc-dims=\"1\" fetchpriority=\"high\" decoding=\"async\" width=\"720\" height=\"1040\" data-attachment-id=\"4053\" data-permalink=\"https:\/\/parrocchiasanminiato.com\/?attachment_id=4053\" data-orig-file=\"https:\/\/i0.wp.com\/parrocchiasanminiato.com\/wp-content\/uploads\/2019\/01\/locandina-x1-1.jpg?fit=720%2C1040&amp;ssl=1\" data-orig-size=\"720,1040\" data-comments-opened=\"1\" data-image-meta=\"{&quot;aperture&quot;:&quot;0&quot;,&quot;credit&quot;:&quot;&quot;,&quot;camera&quot;:&quot;&quot;,&quot;caption&quot;:&quot;&quot;,&quot;created_timestamp&quot;:&quot;0&quot;,&quot;copyright&quot;:&quot;&quot;,&quot;focal_length&quot;:&quot;0&quot;,&quot;iso&quot;:&quot;0&quot;,&quot;shutter_speed&quot;:&quot;0&quot;,&quot;title&quot;:&quot;&quot;,&quot;orientation&quot;:&quot;1&quot;}\" data-image-title=\"locandina-x1-1\" data-image-description=\"\" data-image-caption=\"\" data-medium-file=\"https:\/\/i0.wp.com\/parrocchiasanminiato.com\/wp-content\/uploads\/2019\/01\/locandina-x1-1.jpg?fit=208%2C300&amp;ssl=1\" data-large-file=\"https:\/\/i0.wp.com\/parrocchiasanminiato.com\/wp-content\/uploads\/2019\/01\/locandina-x1-1.jpg?fit=709%2C1024&amp;ssl=1\" src=\"https:\/\/i0.wp.com\/parrocchiasanminiato.com\/wp-content\/uploads\/2019\/01\/locandina-x1-1.jpg?resize=720%2C1040&#038;ssl=1\" alt=\"\" class=\"wp-image-4053\"\/><figcaption class=\"wp-element-caption\"><br><br><\/figcaption><\/figure>\n<\/div>\n\n\n<p class=\"has-luminous-vivid-amber-background-color has-background wp-block-paragraph\"><strong>INSEGNAMENTO DELLA LINGUA ITALIANA<\/strong><\/p>\n\n\n\n<p class=\"wp-block-paragraph\">Cinque volontari (laureati ed un insegnante d&#8217;Italiano) sono disponibili ad aiutare le persone che lo desiderano, nello studio e conoscenza della lingua italiana, per alunni delle scuole primarie e medie. Per date ed orari da concordare, gli interessati possono contattare la Parrocchia (vedi Home, Menu &#8220;Contatta la parrocchia).<\/p>\n\n\n\n<p class=\"wp-block-paragraph\">&nbsp;<\/p>\n\n\n\n<p class=\"has-pale-cyan-blue-background-color has-background wp-block-paragraph\"><strong>IMPEGNO NEL CENTRO-AFRICA OCCIDENTALE<\/strong><\/p>\n\n\n\n<p class=\"wp-block-paragraph\"><strong>IN CAMERUN &#8211; Kay Niang<\/strong><\/p>\n\n\n\n<p class=\"wp-block-paragraph\">Con il contributo della Parrocchia \u00e9 stato scavato un pozzo per l&#8217;approvvigionamento dell&#8217;acqua potabile e costruito un Ambulatorio, questo utile a migliaia di persone che vivono in altri 19 villaggi della Provincia, essendo la capitale Duala a circa 250 Km.<\/p>\n\n\n\n<p class=\"wp-block-paragraph\">All&#8217;inaugurazione dell&#8217;Ambulatorio avvenuta il giorno 5 Dicembre 2017, \u00e9 stato dato grande rilievo per la qualit\u00e0 della struttura; erano presenti un membro del Ministero della Sanit\u00e0 del Camerun, il Prefetto di quella Provincia, il Sindaco e centinaia di persone venute dai villaggi presenti nel comprensorio.<\/p>\n\n\n\n<p class=\"wp-block-paragraph\">Per garantire la continuit\u00e0 e la funzionalit\u00e0, all&#8217;Ambulatorio occorre un&#8217;assistenza mensile di circa \u20ac. 500,00, che comprende un sostegno al Parroco Don Simone, gli stipendi di un infermiere professionale ed una levatrice.<\/p>\n\n\n\n<p class=\"wp-block-paragraph\">Per ora possono contare solo nel nostro supporto.<\/p>\n\n\n\n<p class=\"has-pale-cyan-blue-background-color has-background wp-block-paragraph\"><strong>IN MALI<\/strong><\/p>\n\n\n\n<p class=\"wp-block-paragraph\">Il primo obiettivo per l&#8217;anno 2018-2019 \u00e9 stato raggiunto, grazie alla Onlus &#8220;&#8230;a riveder le stelle&#8230; Onlus per l&#8217;Africa&#8221; sono state acquistate le apparecchiature necessarie alla creazione di un ambulatorio oculistico, ove nel mese di Novembre sar\u00e0 possibile eseguire operazioni di cataratta. La speranza \u00e9 di riuscire ad eseguire, ad ogni viaggio programmato, almeno 50 cataratte e seguire il decorso con assistenza da organizzare localmente.<\/p>\n\n\n\n<p class=\"has-pale-cyan-blue-background-color has-background wp-block-paragraph\"><strong>ASSOCIAZIONE DI SUPPORTO &#8220;&#8230;a riveder le stelle&#8230;Onlus per l&#8217;Africa<\/strong><\/p>\n\n\n\n<p class=\"wp-block-paragraph\">E&#8217; stata costituita l&#8217;Associazione &#8220;&#8230;a riveder le stelle&#8230;Onlus per l&#8217;Africa L&#8217;Associazione , \u00e9 nata, al fine di consolidare e supportare le attivit\u00e0 di sostegno alle popolazioni locali del Centro Africa Occidentale, ove grazie al passaparola, da oltre un decennio ed in modo crescente, oggi hanno raggiunto significativi risultati sia in Mali che in Camerun. Ha individuato nell&#8217;attuale Presidente, Don Sergio Volpi, Parroco della Parrocchia di San Miniato alle Scotte, in Siena, il polo aggregante per rendere stabile e continuativa l&#8217;attivit\u00e0 d&#8217;intervento a sostegno delle popolazioni Africane.<\/p>\n\n\n<div class=\"wp-block-image\">\n<figure class=\"aligncenter\"><img data-recalc-dims=\"1\" height=\"180\" width=\"320\" decoding=\"async\" src=\"https:\/\/i0.wp.com\/arivederlestelle-onlus.it\/wp-content\/uploads\/2017\/12\/Mamma-con-figlio-320x180.jpg?resize=320%2C180\" alt=\"\"\/><\/figure>\n<\/div>\n\n\n<p class=\"wp-block-paragraph\"><strong><span style=\"color:#008080;\">Contribuisci, diventa Socio &#8211; richiesta On-Line nel sito<\/span><span style=\"color:#008000;\">: <a href=\"http:\/\/arivederlestelle-onlus.it\"><cite class=\"_Rm\">arivederlestellesiena.it<\/cite><\/a><\/span><\/strong><\/p>\n\n\n\n<p class=\"wp-block-paragraph\"><cite class=\"_Rm\"> <strong>E\u2019 possibile fare la donazione al momento della denuncia dei redditi (5 per mille) inserendo nell\u2019apposito spazio il C.F. 92069790522 dell\u2019Associazione. Non costa nulla ma ci consente di avere una parte dei fondi disponibili.<\/strong><\/cite><\/p>\n\n\n\n<p class=\"has-pale-cyan-blue-background-color has-background wp-block-paragraph\"> <strong>LA CARITAS NELLA PARROCCHIA<\/strong><\/p>\n\n\n\n<p class=\"wp-block-paragraph\">Attualmente (29 Dicembre 2023) sono assistite n. 58 famiglie alle quali ogni mercoled\u00ec e gioved\u00ec sono consegnati un pacco viveri di prima necessit\u00e0, frutta e verdura selezionata dagli scarti della Coop, latticini vari di recupero a scadenza prossima,<\/p>\n\n\n\n<div class=\"wp-block-media-text alignwide is-stacked-on-mobile is-vertically-aligned-bottom\" style=\"grid-template-columns:30% auto\"><figure class=\"wp-block-media-text__media\"><img data-recalc-dims=\"1\" decoding=\"async\" width=\"480\" height=\"640\" data-attachment-id=\"10332\" data-permalink=\"https:\/\/parrocchiasanminiato.com\/?attachment_id=10332\" data-orig-file=\"https:\/\/i0.wp.com\/parrocchiasanminiato.com\/wp-content\/uploads\/2021\/05\/2021-08-accoglienza-e1620603893260.jpg?fit=480%2C640&amp;ssl=1\" data-orig-size=\"480,640\" data-comments-opened=\"0\" data-image-meta=\"{&quot;aperture&quot;:&quot;2.2&quot;,&quot;credit&quot;:&quot;&quot;,&quot;camera&quot;:&quot;iPhone SE (1st generation)&quot;,&quot;caption&quot;:&quot;&quot;,&quot;created_timestamp&quot;:&quot;1620492004&quot;,&quot;copyright&quot;:&quot;&quot;,&quot;focal_length&quot;:&quot;4.15&quot;,&quot;iso&quot;:&quot;40&quot;,&quot;shutter_speed&quot;:&quot;0.03030303030303&quot;,&quot;title&quot;:&quot;&quot;,&quot;orientation&quot;:&quot;1&quot;,&quot;latitude&quot;:&quot;43.347488888889&quot;,&quot;longitude&quot;:&quot;11.326280555556&quot;}\" data-image-title=\"2021 08 Accoglienza\" data-image-description=\"\" data-image-caption=\"\" data-medium-file=\"https:\/\/i0.wp.com\/parrocchiasanminiato.com\/wp-content\/uploads\/2021\/05\/2021-08-accoglienza-e1620603893260.jpg?fit=225%2C300&amp;ssl=1\" data-large-file=\"https:\/\/i0.wp.com\/parrocchiasanminiato.com\/wp-content\/uploads\/2021\/05\/2021-08-accoglienza-e1620603893260.jpg?fit=480%2C640&amp;ssl=1\" src=\"https:\/\/i0.wp.com\/parrocchiasanminiato.com\/wp-content\/uploads\/2021\/05\/2021-08-accoglienza-e1620603893260.jpg?resize=480%2C640&#038;ssl=1\" alt=\"\" class=\"wp-image-10332 size-full\"\/><\/figure><div class=\"wp-block-media-text__content\">\n<p class=\"has-medium-font-size wp-block-paragraph\">Al pacco viveri, concorrono: il Banco alimentare di Firenze (ogni due mesi), la Coop di San Miniato (ad ogni chiusura pomeridiana), la Etruria spa ( &#8220;Centro latticini delle Badesse&#8221;) ed amici di Don Sergio. Grazie a tutti.<br>Periodicamente, grazie all&#8217;aiuto di molti volontari, la raccolta si estende alla Coop di San Miniato ed alla Carrefour di Viale Toselli.<br>Nel mese di Dicembre riceve una piccola porzione della raccolta generale che \u00e9 gestita dal Banco alimentare.<\/p>\n<\/div><\/div>\n\n\n\n<p class=\"wp-block-paragraph\">Grazie alla raccolta degli abiti dismessi, dopo averli selezionati, grazie al lavoro di alcune volontarie, sono messi a disposizione di chiunque (su prenotazione) abiti e scarpe, <\/p>\n\n\n\n<p class=\"wp-block-paragraph\"><\/p>\n","protected":false},"excerpt":{"rendered":"<p>Attivit\u00e0 in Parrocchia<\/p>\n","protected":false},"author":132607687,"featured_media":0,"parent":0,"menu_order":0,"comment_status":"open","ping_status":"closed","template":"","meta":{"_coblocks_attr":"","_coblocks_dimensions":"","_coblocks_responsive_height":"","_coblocks_accordion_ie_support":"","_crdt_document":"","advgb_blocks_editor_width":"","advgb_blocks_columns_visual_guide":"","advanced_seo_description":"","jetpack_seo_html_title":"","jetpack_seo_noindex":false,"jetpack_post_was_ever_published":false,"footnotes":""},"tags":[],"class_list":["post-19","page","type-page","status-publish","hentry"],"coauthors":[],"author_meta":{"author_link":"https:\/\/parrocchiasanminiato.com\/?author=132607687","display_name":"\"Parrocchia del Corpus Domini\""},"relative_dates":{"created":"Pubblicato 8 anni fa","modified":"Aggiornato 12 mesi fa"},"absolute_dates":{"created":"Pubblicato il Dicembre 27, 2017","modified":"Aggiornato il Aprile 20, 2025"},"absolute_dates_time":{"created":"Pubblicato il Dicembre 27, 2017 11:09 am","modified":"Aggiornato il Aprile 20, 2025 7:46 pm"},"featured_img_caption":"","featured_img":false,"series_order":"","jetpack_likes_enabled":true,"jetpack_sharing_enabled":false,"jetpack_shortlink":"https:\/\/wp.me\/P9vesa-j","amp_enabled":true,"_links":{"self":[{"href":"https:\/\/parrocchiasanminiato.com\/index.php?rest_route=\/wp\/v2\/pages\/19","targetHints":{"allow":["GET"]}}],"collection":[{"href":"https:\/\/parrocchiasanminiato.com\/index.php?rest_route=\/wp\/v2\/pages"}],"about":[{"href":"https:\/\/parrocchiasanminiato.com\/index.php?rest_route=\/wp\/v2\/types\/page"}],"author":[{"embeddable":true,"href":"https:\/\/parrocchiasanminiato.com\/index.php?rest_route=\/wp\/v2\/users\/132607687"}],"replies":[{"embeddable":true,"href":"https:\/\/parrocchiasanminiato.com\/index.php?rest_route=%2Fwp%2Fv2%2Fcomments&post=19"}],"version-history":[{"count":28,"href":"https:\/\/parrocchiasanminiato.com\/index.php?rest_route=\/wp\/v2\/pages\/19\/revisions"}],"predecessor-version":[{"id":17466,"href":"https:\/\/parrocchiasanminiato.com\/index.php?rest_route=\/wp\/v2\/pages\/19\/revisions\/17466"}],"wp:attachment":[{"href":"https:\/\/parrocchiasanminiato.com\/index.php?rest_route=%2Fwp%2Fv2%2Fmedia&parent=19"}],"wp:term":[{"taxonomy":"post_tag","embeddable":true,"href":"https:\/\/parrocchiasanminiato.com\/index.php?rest_route=%2Fwp%2Fv2%2Ftags&post=19"}],"curies":[{"name":"wp","href":"https:\/\/api.w.org\/{rel}","templated":true}]}}